{"id":660,"date":"2024-09-27T15:11:41","date_gmt":"2024-09-27T15:11:41","guid":{"rendered":"https:\/\/javiersotomayor.org\/?page_id=660"},"modified":"2024-09-27T15:11:41","modified_gmt":"2024-09-27T15:11:41","slug":"kinky-play-mascaras-y-juegos-sexuales-en-open-mind","status":"publish","type":"page","link":"https:\/\/javiersotomayor.org\/?page_id=660","title":{"rendered":"Kinky Play &#8211; M\u00e1scaras y Juegos Sexuales en Open Mind"},"content":{"rendered":"<div>\n<h4><img decoding=\"async\" loading=\"lazy\" class=\"alignnone  wp-image-661\" style=\"font-size: 1rem; font-weight: 400;\" src=\"https:\/\/javiersotomayor.org\/wp-content\/uploads\/2024\/09\/1-212x300.png\" alt=\"\" width=\"352\" height=\"498\" srcset=\"https:\/\/javiersotomayor.org\/wp-content\/uploads\/2024\/09\/1-212x300.png 212w, https:\/\/javiersotomayor.org\/wp-content\/uploads\/2024\/09\/1-724x1024.png 724w, https:\/\/javiersotomayor.org\/wp-content\/uploads\/2024\/09\/1-768x1086.png 768w, https:\/\/javiersotomayor.org\/wp-content\/uploads\/2024\/09\/1-1086x1536.png 1086w, https:\/\/javiersotomayor.org\/wp-content\/uploads\/2024\/09\/1.png 1414w\" sizes=\"(max-width: 352px) 100vw, 352px\" \/><\/h4>\n<h1><strong>\u00bfQu\u00e9 es \u201cKinky Play &#8211; M\u00e1scaras y Juegos Sexuales\u201d?<\/strong><\/h1>\n<\/div>\n<p class=\"cvGsUA direction-ltr align-start para-style-title\"><span class=\"OYPEnA font-feature-liga-off font-feature-clig-off font-feature-calt-off text-decoration-none text-strikethrough-none\">Es un espacio de experimentaci\u00f3n, d\u00f3nde busca que las personas exploren y ampl\u00eden sus experiencias sexuales de forma segura y consensuada en el Club privado \u201cOpen Mind Barcelona\u201d.<\/span><\/p>\n<p class=\"cvGsUA direction-ltr align-start para-style-title\"><span class=\"OYPEnA font-feature-liga-off font-feature-clig-off font-feature-calt-off text-decoration-none text-strikethrough-none\">Ser\u00e1 una tarde de juegos sexuales tem\u00e1ticos para realizar con el p\u00fablico de manera consensuada.<\/span><\/p>\n<p class=\"cvGsUA direction-ltr align-start para-style-title\"><span class=\"OYPEnA font-feature-liga-off font-feature-clig-off font-feature-calt-off text-decoration-none text-strikethrough-none\">Adicionalmente, ser\u00e1 un espacio para educar y prevenir sobre uso de sustancias y la narcotizaci\u00f3n del sexo.<\/span><\/p>\n<p class=\"cvGsUA direction-ltr align-start para-style-title\"><span class=\"OYPEnA font-feature-liga-off font-feature-clig-off font-feature-calt-off text-decoration-none text-strikethrough-none\">Adem\u00e1s de ser un espacio terap\u00e9utico para quienes necesitan reconectar con su sexualidad.<\/span><\/p>\n<h1><strong>\u00bfCu\u00e1les son los objetivos de \u201cKinky Play &#8211; M\u00e1scaras y Juegos Sexuales\u201d?<\/strong><\/h1>\n<p class=\"cvGsUA direction-ltr align-start para-style-title\"><strong><span class=\"OYPEnA font-feature-liga-off font-feature-clig-off font-feature-calt-off text-decoration-none text-strikethrough-none\">Objetivos principales<\/span><\/strong><\/p>\n<ul>\n<li><span class=\"OYPEnA font-feature-liga-off font-feature-clig-off font-feature-calt-off text-decoration-none text-strikethrough-none\">Reducir la ansiedad y los bloqueos relacionados con la sexualidad.<\/span><\/li>\n<li><span class=\"OYPEnA font-feature-liga-off font-feature-clig-off font-feature-calt-off text-decoration-none text-strikethrough-none\">Fomentar una actitud m\u00e1s abierta y positiva hacia el sexo.<\/span><\/li>\n<li><span class=\"OYPEnA font-feature-liga-off font-feature-clig-off font-feature-calt-off text-decoration-none text-strikethrough-none\">Ampliar el repertorio de pr\u00e1cticas y sensaciones sexuales.<\/span><\/li>\n<li><span class=\"OYPEnA font-feature-liga-off font-feature-clig-off font-feature-calt-off text-decoration-none text-strikethrough-none\">Mejorar la comunicaci\u00f3n sexual con la o las parejas sexuales.<\/span><\/li>\n<\/ul>\n<p><img decoding=\"async\" loading=\"lazy\" class=\"alignnone  wp-image-663\" src=\"https:\/\/javiersotomayor.org\/wp-content\/uploads\/2024\/09\/3-212x300.png\" alt=\"\" width=\"438\" height=\"620\" srcset=\"https:\/\/javiersotomayor.org\/wp-content\/uploads\/2024\/09\/3-212x300.png 212w, https:\/\/javiersotomayor.org\/wp-content\/uploads\/2024\/09\/3-724x1024.png 724w, https:\/\/javiersotomayor.org\/wp-content\/uploads\/2024\/09\/3-768x1086.png 768w, https:\/\/javiersotomayor.org\/wp-content\/uploads\/2024\/09\/3-1086x1536.png 1086w, https:\/\/javiersotomayor.org\/wp-content\/uploads\/2024\/09\/3.png 1414w\" sizes=\"(max-width: 438px) 100vw, 438px\" \/><\/p>\n<p><img decoding=\"async\" loading=\"lazy\" class=\"alignnone  wp-image-664\" src=\"https:\/\/javiersotomayor.org\/wp-content\/uploads\/2024\/09\/4-212x300.png\" alt=\"\" width=\"454\" height=\"642\" srcset=\"https:\/\/javiersotomayor.org\/wp-content\/uploads\/2024\/09\/4-212x300.png 212w, https:\/\/javiersotomayor.org\/wp-content\/uploads\/2024\/09\/4-724x1024.png 724w, https:\/\/javiersotomayor.org\/wp-content\/uploads\/2024\/09\/4-768x1086.png 768w, https:\/\/javiersotomayor.org\/wp-content\/uploads\/2024\/09\/4-1086x1536.png 1086w, https:\/\/javiersotomayor.org\/wp-content\/uploads\/2024\/09\/4.png 1414w\" sizes=\"(max-width: 454px) 100vw, 454px\" \/><\/p>\n<p><img decoding=\"async\" loading=\"lazy\" class=\"alignnone  wp-image-665\" src=\"https:\/\/javiersotomayor.org\/wp-content\/uploads\/2024\/09\/5-212x300.png\" alt=\"\" width=\"445\" height=\"630\" srcset=\"https:\/\/javiersotomayor.org\/wp-content\/uploads\/2024\/09\/5-212x300.png 212w, https:\/\/javiersotomayor.org\/wp-content\/uploads\/2024\/09\/5-724x1024.png 724w, https:\/\/javiersotomayor.org\/wp-content\/uploads\/2024\/09\/5-768x1086.png 768w, https:\/\/javiersotomayor.org\/wp-content\/uploads\/2024\/09\/5-1086x1536.png 1086w, https:\/\/javiersotomayor.org\/wp-content\/uploads\/2024\/09\/5.png 1414w\" sizes=\"(max-width: 445px) 100vw, 445px\" \/><\/p>\n","protected":false},"excerpt":{"rendered":"<p>\u00bfQu\u00e9 es \u201cKinky Play &#8211; M\u00e1scaras y Juegos Sexuales\u201d? Es un espacio de experimentaci\u00f3n, d\u00f3nde busca que las personas exploren y ampl\u00eden sus experiencias sexuales de forma segura y consensuada en el Club privado \u201cOpen Mind Barcelona\u201d. Ser\u00e1 una tarde de juegos sexuales tem\u00e1ticos para realizar con el p\u00fablico de manera consensuada. Adicionalmente, ser\u00e1 un &hellip; <\/p>\n<p class=\"link-more\"><a href=\"https:\/\/javiersotomayor.org\/?page_id=660\" class=\"more-link\">Continue reading<span class=\"screen-reader-text\"> &#8220;Kinky Play &#8211; M\u00e1scaras y Juegos Sexuales en Open Mind&#8221;<\/span><\/a><\/p>\n","protected":false},"author":1,"featured_media":0,"parent":0,"menu_order":0,"comment_status":"closed","ping_status":"closed","template":"","meta":{"_mi_skip_tracking":false},"yoast_head":"<!-- This site is optimized with the Yoast SEO plugin v19.2 - https:\/\/yoast.com\/wordpress\/plugins\/seo\/ -->\n<title>Kinky Play - M\u00e1scaras y Juegos Sexuales en Open Mind - javiersotomayor.org<\/title>\n<meta name=\"robots\" content=\"index, follow, max-snippet:-1, max-image-preview:large, max-video-preview:-1\" \/>\n<link rel=\"canonical\" href=\"https:\/\/javiersotomayor.org\/?page_id=660\" \/>\n<meta property=\"og:locale\" content=\"en_US\" \/>\n<meta property=\"og:type\" content=\"article\" \/>\n<meta property=\"og:title\" content=\"Kinky Play - M\u00e1scaras y Juegos Sexuales en Open Mind - javiersotomayor.org\" \/>\n<meta property=\"og:description\" content=\"\u00bfQu\u00e9 es \u201cKinky Play &#8211; M\u00e1scaras y Juegos Sexuales\u201d? Es un espacio de experimentaci\u00f3n, d\u00f3nde busca que las personas exploren y ampl\u00eden sus experiencias sexuales de forma segura y consensuada en el Club privado \u201cOpen Mind Barcelona\u201d. Ser\u00e1 una tarde de juegos sexuales tem\u00e1ticos para realizar con el p\u00fablico de manera consensuada. Adicionalmente, ser\u00e1 un &hellip; Continue reading &quot;Kinky Play &#8211; M\u00e1scaras y Juegos Sexuales en Open Mind&quot;\" \/>\n<meta property=\"og:url\" content=\"https:\/\/javiersotomayor.org\/?page_id=660\" \/>\n<meta property=\"og:site_name\" content=\"javiersotomayor.org\" \/>\n<meta property=\"og:image\" content=\"https:\/\/javiersotomayor.org\/wp-content\/uploads\/2024\/09\/1-212x300.png\" \/>\n<meta name=\"author\" content=\"jjsotomayor\" \/>\n<meta name=\"twitter:card\" content=\"summary_large_image\" \/>\n<meta name=\"twitter:label1\" content=\"Est. reading time\" \/>\n\t<meta name=\"twitter:data1\" content=\"2 minutes\" \/>\n<script type=\"application\/ld+json\" class=\"yoast-schema-graph\">{\"@context\":\"https:\/\/schema.org\",\"@graph\":[{\"@type\":\"WebSite\",\"@id\":\"https:\/\/javiersotomayor.org\/#website\",\"url\":\"https:\/\/javiersotomayor.org\/\",\"name\":\"javiersotomayor.org\",\"description\":\"Terapia Sexual individual y de Parejas \/ Instructor de Talleres \/ Facilitador C\u00edrculos de Hombres \/ Social Therapist \/Sexuality and Couples\",\"potentialAction\":[{\"@type\":\"SearchAction\",\"target\":{\"@type\":\"EntryPoint\",\"urlTemplate\":\"https:\/\/javiersotomayor.org\/?s={search_term_string}\"},\"query-input\":\"required name=search_term_string\"}],\"inLanguage\":\"en-US\"},{\"@type\":\"ImageObject\",\"inLanguage\":\"en-US\",\"@id\":\"https:\/\/javiersotomayor.org\/?page_id=660#primaryimage\",\"url\":\"https:\/\/javiersotomayor.org\/wp-content\/uploads\/2024\/09\/1.png\",\"contentUrl\":\"https:\/\/javiersotomayor.org\/wp-content\/uploads\/2024\/09\/1.png\",\"width\":1414,\"height\":2000},{\"@type\":\"WebPage\",\"@id\":\"https:\/\/javiersotomayor.org\/?page_id=660#webpage\",\"url\":\"https:\/\/javiersotomayor.org\/?page_id=660\",\"name\":\"Kinky Play - M\u00e1scaras y Juegos Sexuales en Open Mind - javiersotomayor.org\",\"isPartOf\":{\"@id\":\"https:\/\/javiersotomayor.org\/#website\"},\"primaryImageOfPage\":{\"@id\":\"https:\/\/javiersotomayor.org\/?page_id=660#primaryimage\"},\"datePublished\":\"2024-09-27T15:11:41+00:00\",\"dateModified\":\"2024-09-27T15:11:41+00:00\",\"breadcrumb\":{\"@id\":\"https:\/\/javiersotomayor.org\/?page_id=660#breadcrumb\"},\"inLanguage\":\"en-US\",\"potentialAction\":[{\"@type\":\"ReadAction\",\"target\":[\"https:\/\/javiersotomayor.org\/?page_id=660\"]}]},{\"@type\":\"BreadcrumbList\",\"@id\":\"https:\/\/javiersotomayor.org\/?page_id=660#breadcrumb\",\"itemListElement\":[{\"@type\":\"ListItem\",\"position\":1,\"name\":\"Portada\",\"item\":\"https:\/\/javiersotomayor.org\/\"},{\"@type\":\"ListItem\",\"position\":2,\"name\":\"Kinky Play &#8211; M\u00e1scaras y Juegos Sexuales en Open Mind\"}]}]}<\/script>\n<!-- \/ Yoast SEO plugin. -->","yoast_head_json":{"title":"Kinky Play - M\u00e1scaras y Juegos Sexuales en Open Mind - javiersotomayor.org","robots":{"index":"index","follow":"follow","max-snippet":"max-snippet:-1","max-image-preview":"max-image-preview:large","max-video-preview":"max-video-preview:-1"},"canonical":"https:\/\/javiersotomayor.org\/?page_id=660","og_locale":"en_US","og_type":"article","og_title":"Kinky Play - M\u00e1scaras y Juegos Sexuales en Open Mind - javiersotomayor.org","og_description":"\u00bfQu\u00e9 es \u201cKinky Play &#8211; M\u00e1scaras y Juegos Sexuales\u201d? Es un espacio de experimentaci\u00f3n, d\u00f3nde busca que las personas exploren y ampl\u00eden sus experiencias sexuales de forma segura y consensuada en el Club privado \u201cOpen Mind Barcelona\u201d. Ser\u00e1 una tarde de juegos sexuales tem\u00e1ticos para realizar con el p\u00fablico de manera consensuada. Adicionalmente, ser\u00e1 un &hellip; Continue reading \"Kinky Play &#8211; M\u00e1scaras y Juegos Sexuales en Open Mind\"","og_url":"https:\/\/javiersotomayor.org\/?page_id=660","og_site_name":"javiersotomayor.org","og_image":[{"url":"https:\/\/javiersotomayor.org\/wp-content\/uploads\/2024\/09\/1-212x300.png"}],"author":"jjsotomayor","twitter_card":"summary_large_image","twitter_misc":{"Est. reading time":"2 minutes"},"schema":{"@context":"https:\/\/schema.org","@graph":[{"@type":"WebSite","@id":"https:\/\/javiersotomayor.org\/#website","url":"https:\/\/javiersotomayor.org\/","name":"javiersotomayor.org","description":"Terapia Sexual individual y de Parejas \/ Instructor de Talleres \/ Facilitador C\u00edrculos de Hombres \/ Social Therapist \/Sexuality and Couples","potentialAction":[{"@type":"SearchAction","target":{"@type":"EntryPoint","urlTemplate":"https:\/\/javiersotomayor.org\/?s={search_term_string}"},"query-input":"required name=search_term_string"}],"inLanguage":"en-US"},{"@type":"ImageObject","inLanguage":"en-US","@id":"https:\/\/javiersotomayor.org\/?page_id=660#primaryimage","url":"https:\/\/javiersotomayor.org\/wp-content\/uploads\/2024\/09\/1.png","contentUrl":"https:\/\/javiersotomayor.org\/wp-content\/uploads\/2024\/09\/1.png","width":1414,"height":2000},{"@type":"WebPage","@id":"https:\/\/javiersotomayor.org\/?page_id=660#webpage","url":"https:\/\/javiersotomayor.org\/?page_id=660","name":"Kinky Play - M\u00e1scaras y Juegos Sexuales en Open Mind - javiersotomayor.org","isPartOf":{"@id":"https:\/\/javiersotomayor.org\/#website"},"primaryImageOfPage":{"@id":"https:\/\/javiersotomayor.org\/?page_id=660#primaryimage"},"datePublished":"2024-09-27T15:11:41+00:00","dateModified":"2024-09-27T15:11:41+00:00","breadcrumb":{"@id":"https:\/\/javiersotomayor.org\/?page_id=660#breadcrumb"},"inLanguage":"en-US","potentialAction":[{"@type":"ReadAction","target":["https:\/\/javiersotomayor.org\/?page_id=660"]}]},{"@type":"BreadcrumbList","@id":"https:\/\/javiersotomayor.org\/?page_id=660#breadcrumb","itemListElement":[{"@type":"ListItem","position":1,"name":"Portada","item":"https:\/\/javiersotomayor.org\/"},{"@type":"ListItem","position":2,"name":"Kinky Play &#8211; M\u00e1scaras y Juegos Sexuales en Open Mind"}]}]}},"_links":{"self":[{"href":"https:\/\/javiersotomayor.org\/index.php?rest_route=\/wp\/v2\/pages\/660"}],"collection":[{"href":"https:\/\/javiersotomayor.org\/index.php?rest_route=\/wp\/v2\/pages"}],"about":[{"href":"https:\/\/javiersotomayor.org\/index.php?rest_route=\/wp\/v2\/types\/page"}],"author":[{"embeddable":true,"href":"https:\/\/javiersotomayor.org\/index.php?rest_route=\/wp\/v2\/users\/1"}],"replies":[{"embeddable":true,"href":"https:\/\/javiersotomayor.org\/index.php?rest_route=%2Fwp%2Fv2%2Fcomments&post=660"}],"version-history":[{"count":1,"href":"https:\/\/javiersotomayor.org\/index.php?rest_route=\/wp\/v2\/pages\/660\/revisions"}],"predecessor-version":[{"id":667,"href":"https:\/\/javiersotomayor.org\/index.php?rest_route=\/wp\/v2\/pages\/660\/revisions\/667"}],"wp:attachment":[{"href":"https:\/\/javiersotomayor.org\/index.php?rest_route=%2Fwp%2Fv2%2Fmedia&parent=660"}],"curies":[{"name":"wp","href":"https:\/\/api.w.org\/{rel}","templated":true}]}}