{"id":55,"date":"2022-06-27T19:04:02","date_gmt":"2022-06-27T19:04:02","guid":{"rendered":"https:\/\/javiersotomayor.org\/?page_id=55"},"modified":"2023-12-05T23:20:06","modified_gmt":"2023-12-05T23:20:06","slug":"contactame","status":"publish","type":"page","link":"https:\/\/javiersotomayor.org\/?page_id=55","title":{"rendered":"Cont\u00e1ctame"},"content":{"rendered":"<h3>Si quieres contactarme, env\u00edame un mail directo a:<\/h3>\n<h3><strong><a href=\"mailto:javier@javiersotomayor.org\">javier@javiersotomayor.org\u00a0<\/a><\/strong><\/h3>\n<p>&nbsp;<\/p>\n<p>o un DM v\u00eda Instagram:<\/p>\n<h3><strong><a href=\"https:\/\/www.instagram.com\/sotomayorsexologobcn\/\">https:\/\/www.instagram.com\/sotomayorsexologobcn\/<\/a><\/strong><\/h3>\n<p>&nbsp;<\/p>\n<p>&nbsp;<\/p>\n<p><a href=\"https:\/\/javiersotomayor.org\/?page_id=138\">T\u00e9rminos de servicio<\/a>, <a href=\"https:\/\/javiersotomayor.org\/?page_id=133\">protecci\u00f3n de datos<\/a> y <a href=\"https:\/\/javiersotomayor.org\/?page_id=3\">pol\u00edtica de privacidad<\/a> (conforme a RGPD)<\/p>\n","protected":false},"excerpt":{"rendered":"<p>Si quieres contactarme, env\u00edame un mail directo a: javier@javiersotomayor.org\u00a0 &nbsp; o un DM v\u00eda Instagram: https:\/\/www.instagram.com\/sotomayorsexologobcn\/ &nbsp; &nbsp; T\u00e9rminos de servicio, protecci\u00f3n de datos y pol\u00edtica de privacidad (conforme a RGPD)<\/p>\n","protected":false},"author":1,"featured_media":0,"parent":0,"menu_order":0,"comment_status":"closed","ping_status":"closed","template":"","meta":{"_mi_skip_tracking":false},"yoast_head":"<!-- This site is optimized with the Yoast SEO plugin v19.2 - https:\/\/yoast.com\/wordpress\/plugins\/seo\/ -->\n<title>Cont\u00e1ctame - javiersotomayor.org<\/title>\n<meta name=\"robots\" content=\"index, follow, max-snippet:-1, max-image-preview:large, max-video-preview:-1\" \/>\n<link rel=\"canonical\" href=\"https:\/\/javiersotomayor.org\/?page_id=55\" \/>\n<meta property=\"og:locale\" content=\"en_US\" \/>\n<meta property=\"og:type\" content=\"article\" \/>\n<meta property=\"og:title\" content=\"Cont\u00e1ctame - javiersotomayor.org\" \/>\n<meta property=\"og:description\" content=\"Si quieres contactarme, env\u00edame un mail directo a: javier@javiersotomayor.org\u00a0 &nbsp; o un DM v\u00eda Instagram: https:\/\/www.instagram.com\/sotomayorsexologobcn\/ &nbsp; &nbsp; T\u00e9rminos de servicio, protecci\u00f3n de datos y pol\u00edtica de privacidad (conforme a RGPD)\" \/>\n<meta property=\"og:url\" content=\"https:\/\/javiersotomayor.org\/?page_id=55\" \/>\n<meta property=\"og:site_name\" content=\"javiersotomayor.org\" \/>\n<meta property=\"article:modified_time\" content=\"2023-12-05T23:20:06+00:00\" \/>\n<meta name=\"author\" content=\"jjsotomayor\" \/>\n<meta name=\"twitter:card\" content=\"summary_large_image\" \/>\n<meta name=\"twitter:label1\" content=\"Est. reading time\" \/>\n\t<meta name=\"twitter:data1\" content=\"1 minute\" \/>\n<script type=\"application\/ld+json\" class=\"yoast-schema-graph\">{\"@context\":\"https:\/\/schema.org\",\"@graph\":[{\"@type\":\"WebSite\",\"@id\":\"https:\/\/javiersotomayor.org\/#website\",\"url\":\"https:\/\/javiersotomayor.org\/\",\"name\":\"javiersotomayor.org\",\"description\":\"Terapia Sexual individual y de Parejas \/ Instructor de Talleres \/ Facilitador C\u00edrculos de Hombres \/ Social Therapist \/Sexuality and Couples\",\"potentialAction\":[{\"@type\":\"SearchAction\",\"target\":{\"@type\":\"EntryPoint\",\"urlTemplate\":\"https:\/\/javiersotomayor.org\/?s={search_term_string}\"},\"query-input\":\"required name=search_term_string\"}],\"inLanguage\":\"en-US\"},{\"@type\":\"WebPage\",\"@id\":\"https:\/\/javiersotomayor.org\/?page_id=55#webpage\",\"url\":\"https:\/\/javiersotomayor.org\/?page_id=55\",\"name\":\"Cont\u00e1ctame - javiersotomayor.org\",\"isPartOf\":{\"@id\":\"https:\/\/javiersotomayor.org\/#website\"},\"datePublished\":\"2022-06-27T19:04:02+00:00\",\"dateModified\":\"2023-12-05T23:20:06+00:00\",\"breadcrumb\":{\"@id\":\"https:\/\/javiersotomayor.org\/?page_id=55#breadcrumb\"},\"inLanguage\":\"en-US\",\"potentialAction\":[{\"@type\":\"ReadAction\",\"target\":[\"https:\/\/javiersotomayor.org\/?page_id=55\"]}]},{\"@type\":\"BreadcrumbList\",\"@id\":\"https:\/\/javiersotomayor.org\/?page_id=55#breadcrumb\",\"itemListElement\":[{\"@type\":\"ListItem\",\"position\":1,\"name\":\"Portada\",\"item\":\"https:\/\/javiersotomayor.org\/\"},{\"@type\":\"ListItem\",\"position\":2,\"name\":\"Cont\u00e1ctame\"}]}]}<\/script>\n<!-- \/ Yoast SEO plugin. -->","yoast_head_json":{"title":"Cont\u00e1ctame - javiersotomayor.org","robots":{"index":"index","follow":"follow","max-snippet":"max-snippet:-1","max-image-preview":"max-image-preview:large","max-video-preview":"max-video-preview:-1"},"canonical":"https:\/\/javiersotomayor.org\/?page_id=55","og_locale":"en_US","og_type":"article","og_title":"Cont\u00e1ctame - javiersotomayor.org","og_description":"Si quieres contactarme, env\u00edame un mail directo a: javier@javiersotomayor.org\u00a0 &nbsp; o un DM v\u00eda Instagram: https:\/\/www.instagram.com\/sotomayorsexologobcn\/ &nbsp; &nbsp; T\u00e9rminos de servicio, protecci\u00f3n de datos y pol\u00edtica de privacidad (conforme a RGPD)","og_url":"https:\/\/javiersotomayor.org\/?page_id=55","og_site_name":"javiersotomayor.org","article_modified_time":"2023-12-05T23:20:06+00:00","author":"jjsotomayor","twitter_card":"summary_large_image","twitter_misc":{"Est. reading time":"1 minute"},"schema":{"@context":"https:\/\/schema.org","@graph":[{"@type":"WebSite","@id":"https:\/\/javiersotomayor.org\/#website","url":"https:\/\/javiersotomayor.org\/","name":"javiersotomayor.org","description":"Terapia Sexual individual y de Parejas \/ Instructor de Talleres \/ Facilitador C\u00edrculos de Hombres \/ Social Therapist \/Sexuality and Couples","potentialAction":[{"@type":"SearchAction","target":{"@type":"EntryPoint","urlTemplate":"https:\/\/javiersotomayor.org\/?s={search_term_string}"},"query-input":"required name=search_term_string"}],"inLanguage":"en-US"},{"@type":"WebPage","@id":"https:\/\/javiersotomayor.org\/?page_id=55#webpage","url":"https:\/\/javiersotomayor.org\/?page_id=55","name":"Cont\u00e1ctame - javiersotomayor.org","isPartOf":{"@id":"https:\/\/javiersotomayor.org\/#website"},"datePublished":"2022-06-27T19:04:02+00:00","dateModified":"2023-12-05T23:20:06+00:00","breadcrumb":{"@id":"https:\/\/javiersotomayor.org\/?page_id=55#breadcrumb"},"inLanguage":"en-US","potentialAction":[{"@type":"ReadAction","target":["https:\/\/javiersotomayor.org\/?page_id=55"]}]},{"@type":"BreadcrumbList","@id":"https:\/\/javiersotomayor.org\/?page_id=55#breadcrumb","itemListElement":[{"@type":"ListItem","position":1,"name":"Portada","item":"https:\/\/javiersotomayor.org\/"},{"@type":"ListItem","position":2,"name":"Cont\u00e1ctame"}]}]}},"_links":{"self":[{"href":"https:\/\/javiersotomayor.org\/index.php?rest_route=\/wp\/v2\/pages\/55"}],"collection":[{"href":"https:\/\/javiersotomayor.org\/index.php?rest_route=\/wp\/v2\/pages"}],"about":[{"href":"https:\/\/javiersotomayor.org\/index.php?rest_route=\/wp\/v2\/types\/page"}],"author":[{"embeddable":true,"href":"https:\/\/javiersotomayor.org\/index.php?rest_route=\/wp\/v2\/users\/1"}],"replies":[{"embeddable":true,"href":"https:\/\/javiersotomayor.org\/index.php?rest_route=%2Fwp%2Fv2%2Fcomments&post=55"}],"version-history":[{"count":11,"href":"https:\/\/javiersotomayor.org\/index.php?rest_route=\/wp\/v2\/pages\/55\/revisions"}],"predecessor-version":[{"id":531,"href":"https:\/\/javiersotomayor.org\/index.php?rest_route=\/wp\/v2\/pages\/55\/revisions\/531"}],"wp:attachment":[{"href":"https:\/\/javiersotomayor.org\/index.php?rest_route=%2Fwp%2Fv2%2Fmedia&parent=55"}],"curies":[{"name":"wp","href":"https:\/\/api.w.org\/{rel}","templated":true}]}}