{"id":43,"date":"2022-06-27T18:51:12","date_gmt":"2022-06-27T18:51:12","guid":{"rendered":"https:\/\/javiersotomayor.org\/?page_id=43"},"modified":"2023-11-19T13:19:05","modified_gmt":"2023-11-19T13:19:05","slug":"consultorio-disfunciones-sexuales-its-y-sexualidad","status":"publish","type":"page","link":"https:\/\/javiersotomayor.org\/?page_id=43","title":{"rendered":"Consultorio Disfunciones Sexuales, ITS y Sexualidad"},"content":{"rendered":"\r\n<p>Este es un consultorio confidencial y gratuito, puedes enviar tus preguntas a trav\u00e9s del siguiente formulario donde te orientar\u00e9 y aclarar\u00e9\u00a0 todas tus dudas.<\/p>\r\n<p>Respondo cada uno de los mails que recibo, Un saludo!<\/p>\r\n[wpforms id=&#8221;146&#8243;]\r\n<p><a href=\"https:\/\/javiersotomayor.org\/?page_id=138\">T\u00e9rminos de servicio<\/a>, <a href=\"https:\/\/javiersotomayor.org\/?page_id=133\">protecci\u00f3n de datos<\/a> y <a href=\"https:\/\/javiersotomayor.org\/?page_id=3\">pol\u00edtica de privacidad<\/a> (conforme a RGPD)<\/p>\r\n<p>&nbsp;<\/p>\r\n","protected":false},"excerpt":{"rendered":"<p>Este es un consultorio confidencial y gratuito, puedes enviar tus preguntas a trav\u00e9s del siguiente formulario donde te orientar\u00e9 y aclarar\u00e9\u00a0 todas tus dudas. Respondo cada uno de los mails que recibo, Un saludo! [wpforms id=&#8221;146&#8243;] T\u00e9rminos de servicio, protecci\u00f3n de datos y pol\u00edtica de privacidad (conforme a RGPD) &nbsp;<\/p>\n","protected":false},"author":1,"featured_media":0,"parent":0,"menu_order":0,"comment_status":"closed","ping_status":"closed","template":"","meta":{"_mi_skip_tracking":false},"yoast_head":"<!-- This site is optimized with the Yoast SEO plugin v19.2 - https:\/\/yoast.com\/wordpress\/plugins\/seo\/ -->\n<title>Consultorio Disfunciones Sexuales, ITS y Sexualidad - javiersotomayor.org<\/title>\n<meta name=\"robots\" content=\"index, follow, max-snippet:-1, max-image-preview:large, max-video-preview:-1\" \/>\n<link rel=\"canonical\" href=\"https:\/\/javiersotomayor.org\/?page_id=43\" \/>\n<meta property=\"og:locale\" content=\"en_US\" \/>\n<meta property=\"og:type\" content=\"article\" \/>\n<meta property=\"og:title\" content=\"Consultorio Disfunciones Sexuales, ITS y Sexualidad - javiersotomayor.org\" \/>\n<meta property=\"og:description\" content=\"Este es un consultorio confidencial y gratuito, puedes enviar tus preguntas a trav\u00e9s del siguiente formulario donde te orientar\u00e9 y aclarar\u00e9\u00a0 todas tus dudas. Respondo cada uno de los mails que recibo, Un saludo! [wpforms id=&#8221;146&#8243;] T\u00e9rminos de servicio, protecci\u00f3n de datos y pol\u00edtica de privacidad (conforme a RGPD) &nbsp;\" \/>\n<meta property=\"og:url\" content=\"https:\/\/javiersotomayor.org\/?page_id=43\" \/>\n<meta property=\"og:site_name\" content=\"javiersotomayor.org\" \/>\n<meta property=\"article:modified_time\" content=\"2023-11-19T13:19:05+00:00\" \/>\n<meta name=\"author\" content=\"jjsotomayor\" \/>\n<meta name=\"twitter:card\" content=\"summary_large_image\" \/>\n<script type=\"application\/ld+json\" class=\"yoast-schema-graph\">{\"@context\":\"https:\/\/schema.org\",\"@graph\":[{\"@type\":\"WebSite\",\"@id\":\"https:\/\/javiersotomayor.org\/#website\",\"url\":\"https:\/\/javiersotomayor.org\/\",\"name\":\"javiersotomayor.org\",\"description\":\"Terapia Sexual individual y de Parejas \/ Instructor de Talleres \/ Facilitador C\u00edrculos de Hombres \/ Social Therapist \/Sexuality and Couples\",\"potentialAction\":[{\"@type\":\"SearchAction\",\"target\":{\"@type\":\"EntryPoint\",\"urlTemplate\":\"https:\/\/javiersotomayor.org\/?s={search_term_string}\"},\"query-input\":\"required name=search_term_string\"}],\"inLanguage\":\"en-US\"},{\"@type\":\"WebPage\",\"@id\":\"https:\/\/javiersotomayor.org\/?page_id=43#webpage\",\"url\":\"https:\/\/javiersotomayor.org\/?page_id=43\",\"name\":\"Consultorio Disfunciones Sexuales, ITS y Sexualidad - javiersotomayor.org\",\"isPartOf\":{\"@id\":\"https:\/\/javiersotomayor.org\/#website\"},\"datePublished\":\"2022-06-27T18:51:12+00:00\",\"dateModified\":\"2023-11-19T13:19:05+00:00\",\"breadcrumb\":{\"@id\":\"https:\/\/javiersotomayor.org\/?page_id=43#breadcrumb\"},\"inLanguage\":\"en-US\",\"potentialAction\":[{\"@type\":\"ReadAction\",\"target\":[\"https:\/\/javiersotomayor.org\/?page_id=43\"]}]},{\"@type\":\"BreadcrumbList\",\"@id\":\"https:\/\/javiersotomayor.org\/?page_id=43#breadcrumb\",\"itemListElement\":[{\"@type\":\"ListItem\",\"position\":1,\"name\":\"Portada\",\"item\":\"https:\/\/javiersotomayor.org\/\"},{\"@type\":\"ListItem\",\"position\":2,\"name\":\"Consultorio Disfunciones Sexuales, ITS y Sexualidad\"}]}]}<\/script>\n<!-- \/ Yoast SEO plugin. -->","yoast_head_json":{"title":"Consultorio Disfunciones Sexuales, ITS y Sexualidad - javiersotomayor.org","robots":{"index":"index","follow":"follow","max-snippet":"max-snippet:-1","max-image-preview":"max-image-preview:large","max-video-preview":"max-video-preview:-1"},"canonical":"https:\/\/javiersotomayor.org\/?page_id=43","og_locale":"en_US","og_type":"article","og_title":"Consultorio Disfunciones Sexuales, ITS y Sexualidad - javiersotomayor.org","og_description":"Este es un consultorio confidencial y gratuito, puedes enviar tus preguntas a trav\u00e9s del siguiente formulario donde te orientar\u00e9 y aclarar\u00e9\u00a0 todas tus dudas. Respondo cada uno de los mails que recibo, Un saludo! [wpforms id=&#8221;146&#8243;] T\u00e9rminos de servicio, protecci\u00f3n de datos y pol\u00edtica de privacidad (conforme a RGPD) &nbsp;","og_url":"https:\/\/javiersotomayor.org\/?page_id=43","og_site_name":"javiersotomayor.org","article_modified_time":"2023-11-19T13:19:05+00:00","author":"jjsotomayor","twitter_card":"summary_large_image","schema":{"@context":"https:\/\/schema.org","@graph":[{"@type":"WebSite","@id":"https:\/\/javiersotomayor.org\/#website","url":"https:\/\/javiersotomayor.org\/","name":"javiersotomayor.org","description":"Terapia Sexual individual y de Parejas \/ Instructor de Talleres \/ Facilitador C\u00edrculos de Hombres \/ Social Therapist \/Sexuality and Couples","potentialAction":[{"@type":"SearchAction","target":{"@type":"EntryPoint","urlTemplate":"https:\/\/javiersotomayor.org\/?s={search_term_string}"},"query-input":"required name=search_term_string"}],"inLanguage":"en-US"},{"@type":"WebPage","@id":"https:\/\/javiersotomayor.org\/?page_id=43#webpage","url":"https:\/\/javiersotomayor.org\/?page_id=43","name":"Consultorio Disfunciones Sexuales, ITS y Sexualidad - javiersotomayor.org","isPartOf":{"@id":"https:\/\/javiersotomayor.org\/#website"},"datePublished":"2022-06-27T18:51:12+00:00","dateModified":"2023-11-19T13:19:05+00:00","breadcrumb":{"@id":"https:\/\/javiersotomayor.org\/?page_id=43#breadcrumb"},"inLanguage":"en-US","potentialAction":[{"@type":"ReadAction","target":["https:\/\/javiersotomayor.org\/?page_id=43"]}]},{"@type":"BreadcrumbList","@id":"https:\/\/javiersotomayor.org\/?page_id=43#breadcrumb","itemListElement":[{"@type":"ListItem","position":1,"name":"Portada","item":"https:\/\/javiersotomayor.org\/"},{"@type":"ListItem","position":2,"name":"Consultorio Disfunciones Sexuales, ITS y Sexualidad"}]}]}},"_links":{"self":[{"href":"https:\/\/javiersotomayor.org\/index.php?rest_route=\/wp\/v2\/pages\/43"}],"collection":[{"href":"https:\/\/javiersotomayor.org\/index.php?rest_route=\/wp\/v2\/pages"}],"about":[{"href":"https:\/\/javiersotomayor.org\/index.php?rest_route=\/wp\/v2\/types\/page"}],"author":[{"embeddable":true,"href":"https:\/\/javiersotomayor.org\/index.php?rest_route=\/wp\/v2\/users\/1"}],"replies":[{"embeddable":true,"href":"https:\/\/javiersotomayor.org\/index.php?rest_route=%2Fwp%2Fv2%2Fcomments&post=43"}],"version-history":[{"count":14,"href":"https:\/\/javiersotomayor.org\/index.php?rest_route=\/wp\/v2\/pages\/43\/revisions"}],"predecessor-version":[{"id":520,"href":"https:\/\/javiersotomayor.org\/index.php?rest_route=\/wp\/v2\/pages\/43\/revisions\/520"}],"wp:attachment":[{"href":"https:\/\/javiersotomayor.org\/index.php?rest_route=%2Fwp%2Fv2%2Fmedia&parent=43"}],"curies":[{"name":"wp","href":"https:\/\/api.w.org\/{rel}","templated":true}]}}