{"id":39,"date":"2022-06-27T18:50:15","date_gmt":"2022-06-27T18:50:15","guid":{"rendered":"https:\/\/javiersotomayor.org\/?page_id=39"},"modified":"2022-08-11T21:27:26","modified_gmt":"2022-08-11T21:27:26","slug":"espai-eros","status":"publish","type":"page","link":"https:\/\/javiersotomayor.org\/?page_id=39","title":{"rendered":"Espai Eros"},"content":{"rendered":"<p><strong>Espai Eros<\/strong> es un espacio de encuentro psicosocial y educativo en pleno centro de Barcelona, estamos a pasos del metro Rocafort y Poble Sec, en el barrio de la Eixample (izquierda).<\/p>\n<p>Facilito talleres de sexualidad, afectividad e intimidad orientados a hombres gay y\/o hombre que tienen sexo con hombres (HSH), <strong>en un espacio intimo\u00a0 y seguro<\/strong>, donde cada taller se desarrolla en peque\u00f1os grupos lo que facilita la interacci\u00f3n, confidencialidad, complicidad y participaci\u00f3n entre los asistentes.<\/p>\n<p>Soy <strong>Javier Sotomayor Cort\u00e9s<\/strong>, hace cuatro a\u00f1os ya que trabajo en <strong>BCN Checkpoint<\/strong>, en la recepci\u00f3n de un centro de Salud Sexual para hombres que tienen sexo con hombres y personas transg\u00e9nero y soy facilitador de Talleres de Sexualidad y creador de un Circulo de Hombres Resiliente para personas que viven con VIH en la <strong>ONG Colors Sitges Link Asociaci\u00f3n LGTBI+<\/strong>.<\/p>\n<p>Como facilitador de C\u00edrculos de Hombres y talleres psicosociales para hombres gay y\/o hombres que tienen sexo con otros hombres en Colors Sitges Link Asociaci\u00f3n LGTBI+ he podido acompa\u00f1ar a diferentes personas en su procesos de homofobia interiorizada, prejuicios y valores sexuales que les ha permitido vivir una sexualidad mas informada y de forma m\u00e1s plena.<\/p>\n<p>Mi experiencia en el sector socio-sanitario se retroalimenta a trav\u00e9s de la interacci\u00f3n, orientaci\u00f3n y counselling de visitas diarias al centro comunitario BCN Checkpoint, donde mi contacto directo con usuarios me permite sondear como viven su sexualidad, como se comunican y la expresan. Esto en conjunto con el temor y la ansiedad que sufren ante la desinformaci\u00f3n sobre salud sexual o simplemente mitos y tab\u00faes con respecto a su vivencia en materia de sexualidad. Mi ingreso aqu\u00ed me permiti\u00f3 derribar ya del todo mi homofobia interiorizada, adem\u00e1s de formarme profesionalmente en el sector sanitario principalmente en Infecciones de transmisi\u00f3n sexual, lo que me aport\u00f3 experiencia en temas relacionados con la salud sexual.<\/p>\n<p>Mi formaci\u00f3n en <strong>M\u00e1ster en Terapia Sexual y de Pareja<\/strong> me entrega las herramientas necesarias para romper dichos tab\u00faes, facilitar la informaci\u00f3n y re-educar en materia sexual, anticip\u00e1ndonos a recurrir de especialistas ante disfunciones sexuales o patolog\u00edas asociadas a la falta de bienestar a nivel sexual, afectivo y emocional.<\/p>\n<p>Adicionalmente, mi <strong>formaci\u00f3n de Instructor de Yoga<\/strong>, y como practicante de dicha disciplina tradicional, conocedor sobre Tao y Tantra, me permite tener una visi\u00f3n de como la causa, el origen y el asiento de todos los problemas de ser humano, se producen en la desconexi\u00f3n con su ser interior. El camino del Yoga y del tantra buscan reconectar con este ser interior en dos v\u00edas contrarias, pero con un mismo fin.<\/p>\n<p>Mi vivencia personal como hombre gay, fuera del armario, libre de estigmas, miedos y prejuicios por vivir con VIH, me ha permitido hacer el trabajo de couselling a mis pares transmitiendo mi resiliencia y capacidad de superar duelos, a trav\u00e9s del desapego y el camino del yoga que permite mediante la corporalidad, que es el veh\u00edculo por el cual vivimos y alcanzamos un camino de autorrealizaci\u00f3n, conseguir una mejor calidad de vida, mejorar la salud del cuerpo y la mente, reconciliarnos con nuestra sexualidad, incrementar la paz interior y la confianza personal, e incluida la expansi\u00f3n del coraz\u00f3n.<\/p>\n<p>Si quieres conocer lo que hacemos visita nuestra web <strong><a href=\"http:\/\/www.espaieros.com\">www.espaieros.com<\/a>\u00a0<\/strong><\/p>\n<p>&nbsp;<\/p>\n<p>&nbsp;<\/p>\n<p>&nbsp;<\/p>\n","protected":false},"excerpt":{"rendered":"<p>Espai Eros es un espacio de encuentro psicosocial y educativo en pleno centro de Barcelona, estamos a pasos del metro Rocafort y Poble Sec, en el barrio de la Eixample (izquierda). Facilito talleres de sexualidad, afectividad e intimidad orientados a hombres gay y\/o hombre que tienen sexo con hombres (HSH), en un espacio intimo\u00a0 y &hellip; <\/p>\n<p class=\"link-more\"><a href=\"https:\/\/javiersotomayor.org\/?page_id=39\" class=\"more-link\">Continue reading<span class=\"screen-reader-text\"> &#8220;Espai Eros&#8221;<\/span><\/a><\/p>\n","protected":false},"author":1,"featured_media":0,"parent":0,"menu_order":0,"comment_status":"closed","ping_status":"closed","template":"","meta":{"_mi_skip_tracking":false},"yoast_head":"<!-- This site is optimized with the Yoast SEO plugin v19.2 - https:\/\/yoast.com\/wordpress\/plugins\/seo\/ -->\n<title>Espai Eros - javiersotomayor.org<\/title>\n<meta name=\"robots\" content=\"index, follow, max-snippet:-1, max-image-preview:large, max-video-preview:-1\" \/>\n<link rel=\"canonical\" href=\"https:\/\/javiersotomayor.org\/?page_id=39\" \/>\n<meta property=\"og:locale\" content=\"en_US\" \/>\n<meta property=\"og:type\" content=\"article\" \/>\n<meta property=\"og:title\" content=\"Espai Eros - javiersotomayor.org\" \/>\n<meta property=\"og:description\" content=\"Espai Eros es un espacio de encuentro psicosocial y educativo en pleno centro de Barcelona, estamos a pasos del metro Rocafort y Poble Sec, en el barrio de la Eixample (izquierda). Facilito talleres de sexualidad, afectividad e intimidad orientados a hombres gay y\/o hombre que tienen sexo con hombres (HSH), en un espacio intimo\u00a0 y &hellip; Continue reading &quot;Espai Eros&quot;\" \/>\n<meta property=\"og:url\" content=\"https:\/\/javiersotomayor.org\/?page_id=39\" \/>\n<meta property=\"og:site_name\" content=\"javiersotomayor.org\" \/>\n<meta property=\"article:modified_time\" content=\"2022-08-11T21:27:26+00:00\" \/>\n<meta name=\"author\" content=\"jjsotomayor\" \/>\n<meta name=\"twitter:card\" content=\"summary_large_image\" \/>\n<meta name=\"twitter:label1\" content=\"Est. reading time\" \/>\n\t<meta name=\"twitter:data1\" content=\"3 minutes\" \/>\n<script type=\"application\/ld+json\" class=\"yoast-schema-graph\">{\"@context\":\"https:\/\/schema.org\",\"@graph\":[{\"@type\":\"WebSite\",\"@id\":\"https:\/\/javiersotomayor.org\/#website\",\"url\":\"https:\/\/javiersotomayor.org\/\",\"name\":\"javiersotomayor.org\",\"description\":\"Terapia Sexual individual y de Parejas \/ Instructor de Talleres \/ Facilitador C\u00edrculos de Hombres \/ Social Therapist \/Sexuality and Couples\",\"potentialAction\":[{\"@type\":\"SearchAction\",\"target\":{\"@type\":\"EntryPoint\",\"urlTemplate\":\"https:\/\/javiersotomayor.org\/?s={search_term_string}\"},\"query-input\":\"required name=search_term_string\"}],\"inLanguage\":\"en-US\"},{\"@type\":\"WebPage\",\"@id\":\"https:\/\/javiersotomayor.org\/?page_id=39#webpage\",\"url\":\"https:\/\/javiersotomayor.org\/?page_id=39\",\"name\":\"Espai Eros - javiersotomayor.org\",\"isPartOf\":{\"@id\":\"https:\/\/javiersotomayor.org\/#website\"},\"datePublished\":\"2022-06-27T18:50:15+00:00\",\"dateModified\":\"2022-08-11T21:27:26+00:00\",\"breadcrumb\":{\"@id\":\"https:\/\/javiersotomayor.org\/?page_id=39#breadcrumb\"},\"inLanguage\":\"en-US\",\"potentialAction\":[{\"@type\":\"ReadAction\",\"target\":[\"https:\/\/javiersotomayor.org\/?page_id=39\"]}]},{\"@type\":\"BreadcrumbList\",\"@id\":\"https:\/\/javiersotomayor.org\/?page_id=39#breadcrumb\",\"itemListElement\":[{\"@type\":\"ListItem\",\"position\":1,\"name\":\"Portada\",\"item\":\"https:\/\/javiersotomayor.org\/\"},{\"@type\":\"ListItem\",\"position\":2,\"name\":\"Espai Eros\"}]}]}<\/script>\n<!-- \/ Yoast SEO plugin. -->","yoast_head_json":{"title":"Espai Eros - javiersotomayor.org","robots":{"index":"index","follow":"follow","max-snippet":"max-snippet:-1","max-image-preview":"max-image-preview:large","max-video-preview":"max-video-preview:-1"},"canonical":"https:\/\/javiersotomayor.org\/?page_id=39","og_locale":"en_US","og_type":"article","og_title":"Espai Eros - javiersotomayor.org","og_description":"Espai Eros es un espacio de encuentro psicosocial y educativo en pleno centro de Barcelona, estamos a pasos del metro Rocafort y Poble Sec, en el barrio de la Eixample (izquierda). Facilito talleres de sexualidad, afectividad e intimidad orientados a hombres gay y\/o hombre que tienen sexo con hombres (HSH), en un espacio intimo\u00a0 y &hellip; Continue reading \"Espai Eros\"","og_url":"https:\/\/javiersotomayor.org\/?page_id=39","og_site_name":"javiersotomayor.org","article_modified_time":"2022-08-11T21:27:26+00:00","author":"jjsotomayor","twitter_card":"summary_large_image","twitter_misc":{"Est. reading time":"3 minutes"},"schema":{"@context":"https:\/\/schema.org","@graph":[{"@type":"WebSite","@id":"https:\/\/javiersotomayor.org\/#website","url":"https:\/\/javiersotomayor.org\/","name":"javiersotomayor.org","description":"Terapia Sexual individual y de Parejas \/ Instructor de Talleres \/ Facilitador C\u00edrculos de Hombres \/ Social Therapist \/Sexuality and Couples","potentialAction":[{"@type":"SearchAction","target":{"@type":"EntryPoint","urlTemplate":"https:\/\/javiersotomayor.org\/?s={search_term_string}"},"query-input":"required name=search_term_string"}],"inLanguage":"en-US"},{"@type":"WebPage","@id":"https:\/\/javiersotomayor.org\/?page_id=39#webpage","url":"https:\/\/javiersotomayor.org\/?page_id=39","name":"Espai Eros - javiersotomayor.org","isPartOf":{"@id":"https:\/\/javiersotomayor.org\/#website"},"datePublished":"2022-06-27T18:50:15+00:00","dateModified":"2022-08-11T21:27:26+00:00","breadcrumb":{"@id":"https:\/\/javiersotomayor.org\/?page_id=39#breadcrumb"},"inLanguage":"en-US","potentialAction":[{"@type":"ReadAction","target":["https:\/\/javiersotomayor.org\/?page_id=39"]}]},{"@type":"BreadcrumbList","@id":"https:\/\/javiersotomayor.org\/?page_id=39#breadcrumb","itemListElement":[{"@type":"ListItem","position":1,"name":"Portada","item":"https:\/\/javiersotomayor.org\/"},{"@type":"ListItem","position":2,"name":"Espai Eros"}]}]}},"_links":{"self":[{"href":"https:\/\/javiersotomayor.org\/index.php?rest_route=\/wp\/v2\/pages\/39"}],"collection":[{"href":"https:\/\/javiersotomayor.org\/index.php?rest_route=\/wp\/v2\/pages"}],"about":[{"href":"https:\/\/javiersotomayor.org\/index.php?rest_route=\/wp\/v2\/types\/page"}],"author":[{"embeddable":true,"href":"https:\/\/javiersotomayor.org\/index.php?rest_route=\/wp\/v2\/users\/1"}],"replies":[{"embeddable":true,"href":"https:\/\/javiersotomayor.org\/index.php?rest_route=%2Fwp%2Fv2%2Fcomments&post=39"}],"version-history":[{"count":5,"href":"https:\/\/javiersotomayor.org\/index.php?rest_route=\/wp\/v2\/pages\/39\/revisions"}],"predecessor-version":[{"id":210,"href":"https:\/\/javiersotomayor.org\/index.php?rest_route=\/wp\/v2\/pages\/39\/revisions\/210"}],"wp:attachment":[{"href":"https:\/\/javiersotomayor.org\/index.php?rest_route=%2Fwp%2Fv2%2Fmedia&parent=39"}],"curies":[{"name":"wp","href":"https:\/\/api.w.org\/{rel}","templated":true}]}}