{"id":37,"date":"2022-06-27T18:49:46","date_gmt":"2022-06-27T18:49:46","guid":{"rendered":"https:\/\/javiersotomayor.org\/?page_id=37"},"modified":"2026-03-08T17:06:45","modified_gmt":"2026-03-08T17:06:45","slug":"sexualidad-para-hombres","status":"publish","type":"page","link":"https:\/\/javiersotomayor.org\/?page_id=37","title":{"rendered":"Terapia Sexual &#8211; Sesiones Individuales"},"content":{"rendered":"<h1>\u00bfSabes lo que es el coaching sexual?<\/h1>\n<p>El coaching sexual tiene su origen en el coaching, un t\u00e9rmino que proviene del ingl\u00e9s y viene a significar \u00abentrenamiento o preparaci\u00f3n\u00bb. Por lo tanto, un coach sexual es precisamente eso, un entrenador personal. Es una persona\u00a0<strong>especialista en sexolog\u00eda<\/strong>\u00a0que ayuda a mejorar los diferentes aspectos de las relaciones \u00edntimas de una persona o pareja.<\/p>\n<p>Con el paso del tiempo es normal que en la pareja se instaure la rutina, la falta de deseo, o la falta de comunicaci\u00f3n en los aspectos sexuales. No es necesario sufrir ning\u00fan tipo de patolog\u00eda para decidirse a contratar los servicios de un\u00a0<strong>coach sexual.<\/strong>\u00a0Simplemente se ha de querer mejorar, tener motivaci\u00f3n para realizar cambios y querer volver a disfrutar plenamente de los encuentros sexuales.<\/p>\n<p>Igualmente, el\u00a0<strong>coaching sexual<\/strong>, no es exclusivo para las personas que tienen pareja y necesitan mejorar la relaci\u00f3n entre ellas. Es algo que tambi\u00e9n est\u00e1 orientado a aquellas personas que de manera individual presentan dificultades a la hora de encontrar pareja, seducir a otras personas o de relacionarse a nivel sexual con ellas.<\/p>\n<p>A veces la rutina de pareja nos desactiva la <strong>&#8220;Clave Er\u00f3tica&#8221; <\/strong>\u00f3 quiz\u00e1s tu modo er\u00f3tico no venia activado desde f\u00e1brica \u00f3 simplemente el abuso de sustancia te llevo a un exceso de dopamina en tu cuerpo que olvido esta funci\u00f3n de manera natural y ahora esta condicionada de factores dopamin\u00e9rgicos externos. Es all\u00ed donde un <strong>coach sexual<\/strong> te ayuda a re-activarla, ponerla en <strong>&#8220;mode On&#8221;<\/strong> y aprender a conectar o re-conectar con tu parte som\u00e1tica que no tienes activada y que es necesaria para poder disfrutar de la sexualidad de manera gratificante.<\/p>\n<p>Quienes tenemos una orientaci\u00f3n sexual no normativa, es decir, nuestra orientaci\u00f3n no es la de heterosexual y hemos crecido en un ambiente heterosexual, nuestra sexualidad ha sido restringida y condicionada por nuestro entorno, cultura, tradiciones, religi\u00f3n, etc. es por ello que es importante poder deconstruirnos positivamente para poder tener una sexualidad plena, sana, gratificante y placentera, de manera normal y natural, en este aspecto un <strong>coach sexual es un buen gu\u00eda para ayudarte a trabajar estos procesos pendientes, que condicionan vivir tu sexualidad de manera fluida.<\/strong><\/p>\n<p>Un\u00a0<strong>coach sexual<\/strong> en definitiva ser\u00e1 un entrenador personal que te ayudar\u00e1 a ver tus puntos positivos personales y de tus relaciones, a potenciarlos y desarrollarlos. Tambi\u00e9n detectar\u00e1 los puntos d\u00e9biles que debes mejorar y que pueden resultar un freno o una debilidad a la hora de tener y mantener relaciones sexuales plenas y satisfactorias.<\/p>\n<h2>\u00bfQu\u00e9 diferencia hay entre el coaching sexual y la terapia sexual?<\/h2>\n<p>El coaching sexual te ayuda a mejorar tu vida sexual se recomienda para personas que no presenten alg\u00fan malestar, en cambio, la\u00a0<strong>terapia sexual<\/strong>,\u00a0 es la que abordar\u00e1 malestares y disfunciones (Disfunci\u00f3n erectil, eyaculaci\u00f3n precoz, deseo sexual inhibido, etc.), aplicando m\u00e9todos cientificamente comprobados, basados en la\u00a0<strong>focalizaci\u00f3n sensorial.<\/strong><\/p>\n<p>Si te interesa cualquiera de los dos, <strong>nuestro terapeuta est\u00e1 habilitado<\/strong> para realizar ambos servicios.<\/p>\n<h2>Mejorar tu vida sexual es posible<\/h2>\n<p>Si necesitas un cambio o una mejora en tu vida er\u00f3tica, no dudes en ponerte en contacto con <strong>nuestro terapeuta sexual, Javier Sotomayor Cort\u00e9s, <\/strong>\u00a0te podr\u00e9 guiar y asesorar sobre la metodolog\u00eda m\u00e1s eficaz para que tu puedas recuperar una vida sexual satisfactoria.<\/p>\n<p>Soy<strong>\u00a0Javier Sotomayor Cort\u00e9s,\u00a0<\/strong>creador y fundador de Espai Eros,\u00a0<strong>M\u00e1ster en Terapia Sexual y de Pareja<\/strong>, Instructor de Dharma Yoga, Instructor de Mindfulness, trabaj\u00e9 en\u00a0BCN Checkpoint- BCN PrEP-Point, un centro comunitario de Salud Sexual para hombres gais y hombres que tienen sexo con hombres y personas transg\u00e9nero en\u00a0<strong>Barcelona\u00a0<\/strong>y en\u00a0en la\u00a0ONG Colors Sitges Link Asociaci\u00f3n LGTBI+ en Sitges. Actualmente,\u00a0soy Coordinador \u00c1rea Salud en la\u00a0<strong>ONG Gais Positius<\/strong>, en el\u00a0<strong>centro LGTBI de Barcelona.<\/strong><\/p>\n<p>Adem\u00e1s soy el creador del <strong>C\u00edrculo de Hombres Eros, <\/strong>un espacio seguro para hombres gais que comparten sus experiencias en materia de sexualidad y afectividad, poniendo en el debate nuevas concepciones con respecto a nuestra sexualidad, derribar mitos, aprender t\u00e9cnicas de relajaci\u00f3n y Mindfulness, mejorar las aprensiones sobre la sexualidad en general, orientar de la mejor manera a la poblaci\u00f3n m\u00e1s joven que reci\u00e9n comienza su vida social y sexual y para los m\u00e1s experimentados a tener nuevas herramientas para su disfrute y estilo de vida mas placentero.<\/p>\n<p><img decoding=\"async\" loading=\"lazy\" class=\"alignnone wp-image-488\" src=\"https:\/\/javiersotomayor.org\/wp-content\/uploads\/2023\/10\/62A1258-300x200.jpg\" alt=\"\" width=\"582\" height=\"388\" srcset=\"https:\/\/javiersotomayor.org\/wp-content\/uploads\/2023\/10\/62A1258-300x200.jpg 300w, https:\/\/javiersotomayor.org\/wp-content\/uploads\/2023\/10\/62A1258-1024x683.jpg 1024w, https:\/\/javiersotomayor.org\/wp-content\/uploads\/2023\/10\/62A1258-768x512.jpg 768w, https:\/\/javiersotomayor.org\/wp-content\/uploads\/2023\/10\/62A1258-1536x1024.jpg 1536w, https:\/\/javiersotomayor.org\/wp-content\/uploads\/2023\/10\/62A1258-2048x1365.jpg 2048w\" sizes=\"(max-width: 582px) 100vw, 582px\" \/><\/p>\n<p><img decoding=\"async\" loading=\"lazy\" class=\"alignnone  wp-image-711\" src=\"https:\/\/javiersotomayor.org\/wp-content\/uploads\/2026\/03\/4-300x200.jpg\" alt=\"\" width=\"584\" height=\"389\" srcset=\"https:\/\/javiersotomayor.org\/wp-content\/uploads\/2026\/03\/4-300x200.jpg 300w, https:\/\/javiersotomayor.org\/wp-content\/uploads\/2026\/03\/4-1024x683.jpg 1024w, https:\/\/javiersotomayor.org\/wp-content\/uploads\/2026\/03\/4-768x512.jpg 768w, https:\/\/javiersotomayor.org\/wp-content\/uploads\/2026\/03\/4-1536x1024.jpg 1536w, https:\/\/javiersotomayor.org\/wp-content\/uploads\/2026\/03\/4-2048x1365.jpg 2048w\" sizes=\"(max-width: 584px) 100vw, 584px\" \/><\/p>\n<p>Te propondr\u00e9 ejercicios para realizar desde casa, que te ayudar\u00e1 a conocer mejor tanto tu sexualidad como la de tu pareja. Romper\u00e1n mitos y les ayudar\u00e1n a desenvolverse mejor en el espacio sexual de la pareja, ayud\u00e1ndoles a descubrir a qu\u00e9 est\u00edmulos son m\u00e1s o menos sensibles.<\/p>\n<p>A <strong>nivel individual<\/strong> realizo una <strong>terapia sexual breve de\u00a0 4 sesiones<\/strong> divididas en:<\/p>\n<ul>\n<li><strong>Alfabeto de la Sexualidad<\/strong> actual, como vives y percibes la sexualidad actualmente.<\/li>\n<li><strong>An\u00e1lisis de la infancia<\/strong> de como influy\u00f3 en tu sexualidad y cuales fueron o son las etiquetas negativas que podr\u00edan quedar de la homofobia interiorizada, que nos ha quedado en nuestro inconsciente y por ende condiciona como vivimos actualmente la relaci\u00f3n con el placer y el sexo, deconstruyendo y elaborando nuevas etiquetas positivas.<\/li>\n<li><strong>Elaborar tu perfil sexual<\/strong> de acuerdo a tus <strong>Zonas Er\u00f3genas<\/strong> y <strong>V\u00edas de Placer<\/strong><\/li>\n<li>Identificar tu Potencia Sexual y <strong>redise\u00f1ar tu nuevo Alfabeto de la Sexualidad.<\/strong><\/li>\n<\/ul>\n<p>&nbsp;<\/p>\n<p>&nbsp;<\/p>\n<p>&nbsp;<\/p>\n<hr \/>\n<p><strong>Tarifas:<\/strong><\/p>\n<ul>\n<li>1ra Sesi\u00f3n de valoraci\u00f3n 60\u2032 \u2013 <strong>45\u20ac <\/strong>(valoraci\u00f3n, fijaci\u00f3n de objetivos \u00f3 derivaci\u00f3n)<\/li>\n<\/ul>\n<hr \/>\n<p><strong>Terapia Sexual Breve:<\/strong><\/p>\n<ul>\n<li><strong>Sesi\u00f3n Individual 50\u20ac<\/strong>\/sesi\u00f3n de 60\u2032\u00a0 \u00a0 \u00a0 \u00a0 \u00a0 \u00a0 \u00a0 \u00a0 \u00a0 \u00a0 \u00a0 \u00a0 \u00a0 \u00a0 \u00a0 \u00a0 \u00a0 \u00a0 \u00a0 \u00a0 \u00a0 \u00a0 \u00a0 \u00a0 \u00a0 \u00a0 \u00a0 \u00a0 \u00a0 \u00a0 \u00a0 \u00a0 \u00a0 \u00a0 \u00a0 \u00a0 \u00a0 \u00a0 \u00a0 \u00a0 \u00a0<strong><em>(Oferta Pack 4 sesiones terapia breve\u00a0 150\u20ac)<\/em><\/strong><\/li>\n<\/ul>\n<ul>\n<li><strong>Sesi\u00f3n para Pareja 75\u20ac<\/strong> \/sesi\u00f3n\u00a0 de 90\u2032\u00a0 \u00a0 \u00a0 \u00a0 \u00a0 \u00a0 \u00a0 \u00a0 \u00a0 \u00a0 \u00a0 \u00a0 \u00a0 \u00a0 \u00a0 \u00a0 \u00a0 \u00a0 \u00a0 \u00a0 \u00a0 \u00a0 \u00a0 \u00a0 \u00a0 \u00a0 \u00a0 \u00a0 \u00a0 \u00a0 \u00a0 \u00a0 \u00a0 \u00a0 \u00a0 \u00a0 \u00a0 \u00a0 \u00a0 <strong><em>(Oferta Pack 4 sesiones terapia breve\u00a0 250\u20ac, acoplamiento sexual)<\/em><\/strong><\/li>\n<\/ul>\n<hr \/>\n<p><strong>Sesi\u00f3n Coaching Individual:<\/strong><\/p>\n<ul>\n<li><strong>Sesi\u00f3n Individual 50\u20ac\/sesi\u00f3n 60\u2032<\/strong><\/li>\n<\/ul>\n<ul>\n<li>Sesi\u00f3n para Pareja 75\u20ac \/sesi\u00f3n 60\u2032<\/li>\n<\/ul>\n<p>Las sesiones de coaching sexual se pueden realizar de manera presencial en mi centro terap\u00e9utico\u00a0<a href=\"http:\/\/www.espaieros.com\/\"><strong>Espai Eros<\/strong><\/a>, o bien mediante videollamada a trav\u00e9s del programa Skype.<\/p>\n<p><span style=\"font-size: 1rem;\">Si deseas m\u00e1s informaci\u00f3n al respecto, no dudes en ponerse en contacto conmigo\u00a0 al mail: <\/span><strong style=\"font-size: 1rem;\">info@javiersotomayor.org y solicita tu cita de valoraci\u00f3n.<\/strong><\/p>\n<p>Reservas en: <a href=\"http:\/\/www.espaieros.com\/terapiasexual\"><strong>www.espaieros.com\/terapiasexual<\/strong><\/a><\/p>\n<p>&nbsp;<\/p>\n<blockquote><p><em>Es importante destacar que <strong>este trabajo de Coach no reemplaza una psicoterapia a cargo de un especialista, es un trabajo complementario a una terapia psicol\u00f3gica<\/strong>, si tienes un malestar que es necesario abordar por un psic\u00f3logo sabr\u00e9 orientarte y derivarte a alguno que pueda complementar este trabajo de acompa\u00f1amiento y orientaci\u00f3n sexol\u00f3gica.<\/em><\/p><\/blockquote>\n<p>&nbsp;<\/p>\n<p><a href=\"https:\/\/g.page\/r\/Ce_6J6qxJQglEB0\/review\"><strong>Algunas Rese\u00f1as sobre mi:<\/strong><\/a><\/p>\n<div><img decoding=\"async\" loading=\"lazy\" class=\"alignnone wp-image-363\" src=\"https:\/\/javiersotomayor.org\/wp-content\/uploads\/2023\/03\/resenas-110323-300x273.jpg\" alt=\"\" width=\"582\" height=\"529\" srcset=\"https:\/\/javiersotomayor.org\/wp-content\/uploads\/2023\/03\/resenas-110323-300x273.jpg 300w, https:\/\/javiersotomayor.org\/wp-content\/uploads\/2023\/03\/resenas-110323-768x698.jpg 768w, https:\/\/javiersotomayor.org\/wp-content\/uploads\/2023\/03\/resenas-110323.jpg 1005w\" sizes=\"(max-width: 582px) 100vw, 582px\" \/><\/div>\n<p>&nbsp;<\/p>\n<p>&nbsp;<\/p>\n","protected":false},"excerpt":{"rendered":"<p>\u00bfSabes lo que es el coaching sexual? El coaching sexual tiene su origen en el coaching, un t\u00e9rmino que proviene del ingl\u00e9s y viene a significar \u00abentrenamiento o preparaci\u00f3n\u00bb. Por lo tanto, un coach sexual es precisamente eso, un entrenador personal. Es una persona\u00a0especialista en sexolog\u00eda\u00a0que ayuda a mejorar los diferentes aspectos de las relaciones &hellip; <\/p>\n<p class=\"link-more\"><a href=\"https:\/\/javiersotomayor.org\/?page_id=37\" class=\"more-link\">Continue reading<span class=\"screen-reader-text\"> &#8220;Terapia Sexual &#8211; Sesiones Individuales&#8221;<\/span><\/a><\/p>\n","protected":false},"author":1,"featured_media":0,"parent":0,"menu_order":0,"comment_status":"closed","ping_status":"closed","template":"","meta":{"_mi_skip_tracking":false},"yoast_head":"<!-- This site is optimized with the Yoast SEO plugin v19.2 - https:\/\/yoast.com\/wordpress\/plugins\/seo\/ -->\n<title>Terapia Sexual - Sesiones Individuales - javiersotomayor.org<\/title>\n<meta name=\"robots\" content=\"index, follow, max-snippet:-1, max-image-preview:large, max-video-preview:-1\" \/>\n<link rel=\"canonical\" href=\"https:\/\/javiersotomayor.org\/?page_id=37\" \/>\n<meta property=\"og:locale\" content=\"en_US\" \/>\n<meta property=\"og:type\" content=\"article\" \/>\n<meta property=\"og:title\" content=\"Terapia Sexual - Sesiones Individuales - javiersotomayor.org\" \/>\n<meta property=\"og:description\" content=\"\u00bfSabes lo que es el coaching sexual? El coaching sexual tiene su origen en el coaching, un t\u00e9rmino que proviene del ingl\u00e9s y viene a significar \u00abentrenamiento o preparaci\u00f3n\u00bb. Por lo tanto, un coach sexual es precisamente eso, un entrenador personal. Es una persona\u00a0especialista en sexolog\u00eda\u00a0que ayuda a mejorar los diferentes aspectos de las relaciones &hellip; Continue reading &quot;Terapia Sexual &#8211; Sesiones Individuales&quot;\" \/>\n<meta property=\"og:url\" content=\"https:\/\/javiersotomayor.org\/?page_id=37\" \/>\n<meta property=\"og:site_name\" content=\"javiersotomayor.org\" \/>\n<meta property=\"article:modified_time\" content=\"2026-03-08T17:06:45+00:00\" \/>\n<meta property=\"og:image\" content=\"https:\/\/javiersotomayor.org\/wp-content\/uploads\/2023\/10\/62A1258-300x200.jpg\" \/>\n<meta name=\"author\" content=\"jjsotomayor\" \/>\n<meta name=\"twitter:card\" content=\"summary_large_image\" \/>\n<meta name=\"twitter:label1\" content=\"Est. reading time\" \/>\n\t<meta name=\"twitter:data1\" content=\"5 minutes\" \/>\n<script type=\"application\/ld+json\" class=\"yoast-schema-graph\">{\"@context\":\"https:\/\/schema.org\",\"@graph\":[{\"@type\":\"WebSite\",\"@id\":\"https:\/\/javiersotomayor.org\/#website\",\"url\":\"https:\/\/javiersotomayor.org\/\",\"name\":\"javiersotomayor.org\",\"description\":\"Terapia Sexual individual y de Parejas \/ Instructor de Talleres \/ Facilitador C\u00edrculos de Hombres \/ Social Therapist \/Sexuality and Couples\",\"potentialAction\":[{\"@type\":\"SearchAction\",\"target\":{\"@type\":\"EntryPoint\",\"urlTemplate\":\"https:\/\/javiersotomayor.org\/?s={search_term_string}\"},\"query-input\":\"required name=search_term_string\"}],\"inLanguage\":\"en-US\"},{\"@type\":\"ImageObject\",\"inLanguage\":\"en-US\",\"@id\":\"https:\/\/javiersotomayor.org\/?page_id=37#primaryimage\",\"url\":\"https:\/\/javiersotomayor.org\/wp-content\/uploads\/2023\/10\/62A1258-scaled.jpg\",\"contentUrl\":\"https:\/\/javiersotomayor.org\/wp-content\/uploads\/2023\/10\/62A1258-scaled.jpg\",\"width\":2560,\"height\":1707},{\"@type\":\"WebPage\",\"@id\":\"https:\/\/javiersotomayor.org\/?page_id=37#webpage\",\"url\":\"https:\/\/javiersotomayor.org\/?page_id=37\",\"name\":\"Terapia Sexual - Sesiones Individuales - javiersotomayor.org\",\"isPartOf\":{\"@id\":\"https:\/\/javiersotomayor.org\/#website\"},\"primaryImageOfPage\":{\"@id\":\"https:\/\/javiersotomayor.org\/?page_id=37#primaryimage\"},\"datePublished\":\"2022-06-27T18:49:46+00:00\",\"dateModified\":\"2026-03-08T17:06:45+00:00\",\"breadcrumb\":{\"@id\":\"https:\/\/javiersotomayor.org\/?page_id=37#breadcrumb\"},\"inLanguage\":\"en-US\",\"potentialAction\":[{\"@type\":\"ReadAction\",\"target\":[\"https:\/\/javiersotomayor.org\/?page_id=37\"]}]},{\"@type\":\"BreadcrumbList\",\"@id\":\"https:\/\/javiersotomayor.org\/?page_id=37#breadcrumb\",\"itemListElement\":[{\"@type\":\"ListItem\",\"position\":1,\"name\":\"Portada\",\"item\":\"https:\/\/javiersotomayor.org\/\"},{\"@type\":\"ListItem\",\"position\":2,\"name\":\"Terapia Sexual &#8211; Sesiones Individuales\"}]}]}<\/script>\n<!-- \/ Yoast SEO plugin. -->","yoast_head_json":{"title":"Terapia Sexual - Sesiones Individuales - javiersotomayor.org","robots":{"index":"index","follow":"follow","max-snippet":"max-snippet:-1","max-image-preview":"max-image-preview:large","max-video-preview":"max-video-preview:-1"},"canonical":"https:\/\/javiersotomayor.org\/?page_id=37","og_locale":"en_US","og_type":"article","og_title":"Terapia Sexual - Sesiones Individuales - javiersotomayor.org","og_description":"\u00bfSabes lo que es el coaching sexual? El coaching sexual tiene su origen en el coaching, un t\u00e9rmino que proviene del ingl\u00e9s y viene a significar \u00abentrenamiento o preparaci\u00f3n\u00bb. Por lo tanto, un coach sexual es precisamente eso, un entrenador personal. Es una persona\u00a0especialista en sexolog\u00eda\u00a0que ayuda a mejorar los diferentes aspectos de las relaciones &hellip; Continue reading \"Terapia Sexual &#8211; Sesiones Individuales\"","og_url":"https:\/\/javiersotomayor.org\/?page_id=37","og_site_name":"javiersotomayor.org","article_modified_time":"2026-03-08T17:06:45+00:00","og_image":[{"url":"https:\/\/javiersotomayor.org\/wp-content\/uploads\/2023\/10\/62A1258-300x200.jpg"}],"author":"jjsotomayor","twitter_card":"summary_large_image","twitter_misc":{"Est. reading time":"5 minutes"},"schema":{"@context":"https:\/\/schema.org","@graph":[{"@type":"WebSite","@id":"https:\/\/javiersotomayor.org\/#website","url":"https:\/\/javiersotomayor.org\/","name":"javiersotomayor.org","description":"Terapia Sexual individual y de Parejas \/ Instructor de Talleres \/ Facilitador C\u00edrculos de Hombres \/ Social Therapist \/Sexuality and Couples","potentialAction":[{"@type":"SearchAction","target":{"@type":"EntryPoint","urlTemplate":"https:\/\/javiersotomayor.org\/?s={search_term_string}"},"query-input":"required name=search_term_string"}],"inLanguage":"en-US"},{"@type":"ImageObject","inLanguage":"en-US","@id":"https:\/\/javiersotomayor.org\/?page_id=37#primaryimage","url":"https:\/\/javiersotomayor.org\/wp-content\/uploads\/2023\/10\/62A1258-scaled.jpg","contentUrl":"https:\/\/javiersotomayor.org\/wp-content\/uploads\/2023\/10\/62A1258-scaled.jpg","width":2560,"height":1707},{"@type":"WebPage","@id":"https:\/\/javiersotomayor.org\/?page_id=37#webpage","url":"https:\/\/javiersotomayor.org\/?page_id=37","name":"Terapia Sexual - Sesiones Individuales - javiersotomayor.org","isPartOf":{"@id":"https:\/\/javiersotomayor.org\/#website"},"primaryImageOfPage":{"@id":"https:\/\/javiersotomayor.org\/?page_id=37#primaryimage"},"datePublished":"2022-06-27T18:49:46+00:00","dateModified":"2026-03-08T17:06:45+00:00","breadcrumb":{"@id":"https:\/\/javiersotomayor.org\/?page_id=37#breadcrumb"},"inLanguage":"en-US","potentialAction":[{"@type":"ReadAction","target":["https:\/\/javiersotomayor.org\/?page_id=37"]}]},{"@type":"BreadcrumbList","@id":"https:\/\/javiersotomayor.org\/?page_id=37#breadcrumb","itemListElement":[{"@type":"ListItem","position":1,"name":"Portada","item":"https:\/\/javiersotomayor.org\/"},{"@type":"ListItem","position":2,"name":"Terapia Sexual &#8211; Sesiones Individuales"}]}]}},"_links":{"self":[{"href":"https:\/\/javiersotomayor.org\/index.php?rest_route=\/wp\/v2\/pages\/37"}],"collection":[{"href":"https:\/\/javiersotomayor.org\/index.php?rest_route=\/wp\/v2\/pages"}],"about":[{"href":"https:\/\/javiersotomayor.org\/index.php?rest_route=\/wp\/v2\/types\/page"}],"author":[{"embeddable":true,"href":"https:\/\/javiersotomayor.org\/index.php?rest_route=\/wp\/v2\/users\/1"}],"replies":[{"embeddable":true,"href":"https:\/\/javiersotomayor.org\/index.php?rest_route=%2Fwp%2Fv2%2Fcomments&post=37"}],"version-history":[{"count":11,"href":"https:\/\/javiersotomayor.org\/index.php?rest_route=\/wp\/v2\/pages\/37\/revisions"}],"predecessor-version":[{"id":712,"href":"https:\/\/javiersotomayor.org\/index.php?rest_route=\/wp\/v2\/pages\/37\/revisions\/712"}],"wp:attachment":[{"href":"https:\/\/javiersotomayor.org\/index.php?rest_route=%2Fwp%2Fv2%2Fmedia&parent=37"}],"curies":[{"name":"wp","href":"https:\/\/api.w.org\/{rel}","templated":true}]}}